{"id":4467,"date":"2022-06-07T14:28:38","date_gmt":"2022-06-07T12:28:38","guid":{"rendered":"https:\/\/www.fondazionesocialventuregda.it\/cookie-policy\/"},"modified":"2022-06-07T14:28:38","modified_gmt":"2022-06-07T12:28:38","slug":"cookie-policy","status":"publish","type":"page","link":"https:\/\/www.fondazionesocialventuregda.it\/en\/cookie-policy\/","title":{"rendered":"Cookie Policy"},"content":{"rendered":"\t\t<div data-elementor-type=\"wp-page\" data-elementor-id=\"4467\" class=\"elementor elementor-4467\" data-elementor-post-type=\"page\">\n\t\t\t\t\t\t<section class=\"elementor-section elementor-top-section elementor-element elementor-element-e458074 elementor-section-content-middle elementor-section-boxed elementor-section-height-default elementor-section-height-default\" data-id=\"e458074\" data-element_type=\"section\" data-settings=\"{&quot;background_background&quot;:&quot;classic&quot;}\">\n\t\t\t\t\t\t\t<div class=\"elementor-background-overlay\"><\/div>\n\t\t\t\t\t\t\t<div class=\"elementor-container elementor-column-gap-no\">\n\t\t\t\t\t<div class=\"elementor-column elementor-col-100 elementor-top-column elementor-element elementor-element-a47a61d\" data-id=\"a47a61d\" data-element_type=\"column\">\n\t\t\t<div class=\"elementor-widget-wrap elementor-element-populated\">\n\t\t\t\t\t\t\t<\/div>\n\t\t<\/div>\n\t\t\t\t\t<\/div>\n\t\t<\/section>\n\t\t\t\t<section class=\"elementor-section elementor-top-section elementor-element elementor-element-b9956e3 elementor-section-boxed elementor-section-height-default elementor-section-height-default\" data-id=\"b9956e3\" data-element_type=\"section\">\n\t\t\t\t\t\t<div class=\"elementor-container elementor-column-gap-default\">\n\t\t\t\t\t<div class=\"elementor-column elementor-col-100 elementor-top-column elementor-element elementor-element-adb161e\" data-id=\"adb161e\" data-element_type=\"column\">\n\t\t\t<div class=\"elementor-widget-wrap elementor-element-populated\">\n\t\t\t\t\t\t<div class=\"elementor-element elementor-element-42d9797 elementor-widget elementor-widget-text-editor\" data-id=\"42d9797\" data-element_type=\"widget\" data-widget_type=\"text-editor.default\">\n\t\t\t\t<div class=\"elementor-widget-container\">\n\t\t\t\t\t\t\t\t\t<p>Le seguenti informazioni sono rese all\u2019utente in attuazione del provvedimento del Garante per la protezione dei dati personali dell\u20198 maggio 2014 \u201cIndividuazione delle modalit\u00e0 semplificate per l\u2019informativa e l\u2019acquisizione del consenso per l\u2019uso dei cookie\u201d.<\/p><h4>CHE COSA SONO I COOKIE?<\/h4><p>I cookie sono stringhe di testo di piccola dimensione che un sito web pu\u00f2 inviare, durante la navigazione, al tuo dispositivo (sia esso un pc, un notebook, uno smartphone, un tablet; di norma sono conservati direttamente sul browser utilizzato per la navigazione). Lo stesso sito web che li ha trasmessi, poi pu\u00f2 leggere e registrare i cookie che si trovano sullo stesso dispositivo per ottenere informazioni di vario tipo. Quali? Per ogni tipo di cookie c\u2019\u00e8 un ruolo ben definito.<\/p><h4>QUANTI TIPI DI COOKIE ESISTONO?<\/h4><p>Esistono due macro-categorie fondamentali, con caratteristiche diverse: cookie tecnici e cookie di profilazione.<\/p><p>I cookie tecnici sono generalmente necessari per il corretto funzionamento del sito web e per permettere la navigazione; senza di essi potresti non essere in grado di visualizzare correttamente le pagine oppure di utilizzare alcuni servizi. Per esempio, un cookie tecnico \u00e8 indispensabile per mantenere l\u2019utente collegato durante tutta la visita a un sito web, oppure per memorizzare le impostazioni della lingua, della visualizzazione, e cos\u00ec via. I cookie tecnici possono essere ulteriormente distinti in:<\/p><p>\u2022 cookie di navigazione, che garantiscono la normale navigazione e fruizione del sito web (permettendo, ad esempio, di realizzare un acquisto o autenticarsi per accedere ad aree riservate);<br \/>\u2022 cookie analytics, assimilati ai cookie tecnici solo laddove utilizzati direttamente dal gestore del sito per raccogliere informazioni, in forma aggregata, sul numero degli utenti e su come questi visitano il sito stesso.<br \/>\u2022 cookie di funzionalit\u00e0, che permettono all\u2019utente la navigazione in funzione di una serie di criteri selezionati (ad esempio, la lingua, i prodotti selezionati per l\u2019acquisto) al fine di migliorare il servizio reso allo stesso.<br \/>I cookie di profilazione sono pi\u00f9 sofisticati! Questi cookie hanno il compito di profilare l\u2019utente e vengono utilizzati al fine di inviare messaggi pubblicitari in linea con le preferenze manifestate dallo stesso durante la sua navigazione.<\/p><p>I cookie possono, ancora, essere classificati come:<\/p><p>\u2022 cookie di sessione, i quali vengono cancellati immediatamente alla chiusura del browser di navigazione;<br \/>\u2022 cookie persistenti, i quali \u2013 a differenza di quelli di sessione \u2013 rimangono all\u2019interno del browser per un determinato periodo di tempo. Sono utilizzati, ad esempio, per riconoscere il dispositivo che si collega al sito agevolando le operazioni di autenticazione per l\u2019utente.<br \/>\u2022 cookie di prima parte (first-part cookie) ossia cookie generati e gestiti direttamente dal soggetto gestore del sito web sul quale l\u2019utente sta navigando.<br \/>\u2022 cookie di terza parte (third-part cookie), i quali sono generati e gestiti da soggetti diversi dal gestore del sito web sul quale l\u2019utente sta navigando (in forza, di regola, di un contratto tra il titolare del sito web e la terza parte).<\/p><h4>QUALI COOKIE UTILIZZA FONDAZIONE SOCIAL VENTURE GIORDANO DELL\u2019AMORE ?<\/h4><p>Questo sito, in particolare, fa uso di cookie di terze parti avvalendosi del servizio Google Analytics, fornito da Google Inc., per la generazione di statistiche sugli accessi effettuati e le pagine, le parti o gli elementi maggiormente apprezzati dagli utenti. Sono inoltre adottati dal presente sito strumenti che riducono il potere identificativo dei cookie, quale l\u2019anonimizzazione dell\u2019indirizzo IP degli utenti, prima che avvenga l\u2019elaborazione o memorizzazione da parte di Google. Per maggiori informazioni, riguardo a questi cookie non di nostra titolarit\u00e0, \u00e8 possibile consultare le informative fornite da Google ai seguenti indirizzi:<\/p><p><a href=\"https:\/\/www.google.it\/intl\/it\/policies\/technologies\/types\/\">Link 1<\/a><\/p><p><a href=\"https:\/\/support.google.com\/analytics\/answer\/6004245?hl=it&amp;ref_topic=2919631\">Link 2<\/a><\/p><p><a href=\"http:\/\/www.google.it\/policies\/privacy\/partners\/\">Link 3<\/a><\/p><p>Puoi scegliere di disattivare Google Analytics installando sul tuo browser il componente aggiuntivo per la disattivazione Clicca qui per scaricarlo.<\/p><p>Nella seguente tabella sono indicati nello specifico i cookie** utilizzati.<\/p><table id=\"footable_1200\" class=\"foo-table ninja_footable foo_table_1200 ui table  striped vertical_centered footable-paging-right ninja_table_search_disabled footable footable-1 footable-paging breakpoint-lg\" data-ninja_table_instance=\"ninja_table_instance_0\" data-footable_id=\"1200\"><tbody><tr class=\"footable-header\"><th class=\"ninja_column_0 ninja_clmn_nm_nome footable-first-visible\">Nome<\/th><th class=\"ninja_column_1 ninja_clmn_nm_dominio\">Dominio<\/th><th class=\"ninja_column_2 ninja_clmn_nm_durata\">Durata<\/th><th class=\"ninja_column_3 ninja_clmn_nm_descrizione\">Descrizione<\/th><th class=\"ninja_column_4 ninja_clmn_nm_link_informativa_e_opt_out footable-last-visible\">Link informativa e opt-out<\/th><\/tr><\/tbody><colgroup><col class=\"ninja_column_0  \" \/><col class=\"ninja_column_1  \" \/><col class=\"ninja_column_2  \" \/><col class=\"ninja_column_3  \" \/><col class=\"ninja_column_4  \" \/><\/colgroup><tbody><tr class=\"ninja_table_row_0 nt_row_id_18\"><td class=\"ninja_column_0 ninja_clmn_nm_nome footable-first-visible\">_gat<\/td><td class=\"ninja_column_1 ninja_clmn_nm_dominio\">Google<\/td><td class=\"ninja_column_2 ninja_clmn_nm_durata\">1 giorno<\/td><td class=\"ninja_column_3 ninja_clmn_nm_descrizione\">Cookie utilizzati da Google Analytcs per analizzare le statistiche di navigazione e regolare la frequenza delle richieste<\/td><td class=\"ninja_column_4 ninja_clmn_nm_link_informativa_e_opt_out footable-last-visible\"><a href=\"https:\/\/www.google.it\/intl\/it\/policies\/technologies\/types\/\">Informativa sui cookie utilizzati<\/a>,\u00a0<a href=\"https:\/\/support.google.com\/analytics\/answer\/6004245?hl=it&amp;ref_topic=2919631\">Ulteriori informazioni<\/a>,\u00a0<a href=\"https:\/\/tools.google.com\/dlpage\/gaoptout?hl=it\">Opt &#8211; out<\/a><\/td><\/tr><tr class=\"ninja_table_row_1 nt_row_id_17\"><td class=\"ninja_column_0 ninja_clmn_nm_nome footable-first-visible\">_gid<\/td><td class=\"ninja_column_1 ninja_clmn_nm_dominio\">Google<\/td><td class=\"ninja_column_2 ninja_clmn_nm_durata\">2 anni<\/td><td class=\"ninja_column_3 ninja_clmn_nm_descrizione\">Cookie utilizzati da Google Analytcs per analizzare le statistiche di navigazione e regolare la frequenza delle richieste<\/td><td class=\"ninja_column_4 ninja_clmn_nm_link_informativa_e_opt_out footable-last-visible\"><a href=\"https:\/\/www.google.it\/intl\/it\/policies\/technologies\/types\/\">Informativa sui cookie utilizzati<\/a>,\u00a0<a href=\"https:\/\/support.google.com\/analytics\/answer\/6004245?hl=it&amp;ref_topic=2919631\">Ulteriori informazioni<\/a>,\u00a0<a href=\"https:\/\/tools.google.com\/dlpage\/gaoptout?hl=it\">Opt &#8211; out<\/a><\/td><\/tr><tr class=\"ninja_table_row_2 nt_row_id_15\"><td class=\"ninja_column_0 ninja_clmn_nm_nome footable-first-visible\">wordpress_test_cookie<\/td><td class=\"ninja_column_1 ninja_clmn_nm_dominio\">Cookie di prima parte<\/td><td class=\"ninja_column_2 ninja_clmn_nm_durata\">2 settimane<\/td><td class=\"ninja_column_3 ninja_clmn_nm_descrizione\">Verifica se il browser \u00e8 abilitato alla memorizzazione dei cookies<\/td><td class=\"ninja_column_4 ninja_clmn_nm_link_informativa_e_opt_out footable-last-visible\">\u00a0<\/td><\/tr><tr class=\"ninja_table_row_3 nt_row_id_16\"><td class=\"ninja_column_0 ninja_clmn_nm_nome footable-first-visible\">_ga<\/td><td class=\"ninja_column_1 ninja_clmn_nm_dominio\">Google<\/td><td class=\"ninja_column_2 ninja_clmn_nm_durata\">1 min<\/td><td class=\"ninja_column_3 ninja_clmn_nm_descrizione\">Cookie utilizzati da Google Analytcs per analizzare le statistiche di navigazione e regolare la frequenza delle richieste<\/td><td class=\"ninja_column_4 ninja_clmn_nm_link_informativa_e_opt_out footable-last-visible\"><a href=\"https:\/\/www.google.it\/intl\/it\/policies\/technologies\/types\/\">Informativa sui cookie utilizzati<\/a>,\u00a0<a href=\"https:\/\/support.google.com\/analytics\/answer\/6004245?hl=it&amp;ref_topic=2919631\">Ulteriori informazioni<\/a>,\u00a0<a href=\"https:\/\/tools.google.com\/dlpage\/gaoptout?hl=it\">Opt &#8211; out<\/a><\/td><\/tr><tr class=\"ninja_table_row_4 nt_row_id_13\"><td class=\"ninja_column_0 ninja_clmn_nm_nome footable-first-visible\">wordpress_xxx<\/td><td class=\"ninja_column_1 ninja_clmn_nm_dominio\">Cookie di prima parte<\/td><td class=\"ninja_column_2 ninja_clmn_nm_durata\">2 settimane<\/td><td class=\"ninja_column_3 ninja_clmn_nm_descrizione\">Cookie di sessione<\/td><td class=\"ninja_column_4 ninja_clmn_nm_link_informativa_e_opt_out footable-last-visible\">\u00a0<\/td><\/tr><tr class=\"ninja_table_row_5 nt_row_id_14\"><td class=\"ninja_column_0 ninja_clmn_nm_nome footable-first-visible\">wordpress_logged_in_xxx<\/td><td class=\"ninja_column_1 ninja_clmn_nm_dominio\">Cookie di prima parte<\/td><td class=\"ninja_column_2 ninja_clmn_nm_durata\">2 settimane<\/td><td class=\"ninja_column_3 ninja_clmn_nm_descrizione\">Stato di autenticazione dell&#8217;utente<\/td><\/tr><\/tbody><\/table><p><br \/>**Per _gat _gid _ga:<br \/>Informativa sui cookie utilizzati<br \/>Ulteriori informazioni<br \/>Opt \u2013 out<\/p><p>* Il presente sito web adotta strumenti che riducono il potere identificativo dei cookie, quale l\u2019anonimizzazione dell\u2019indirizzo IP degli utenti prima che avvenga l\u2019elaborazione o la memorizzazione da parte di Google inc.<\/p><p>Infine, di seguito, sono riportati i link ai pi\u00f9 diffusi browser, dove son presenti le informazioni circa le modalit\u00e0 per disabilitare la memorizzazione o cancellare i cookie gi\u00e0 memorizzati sul browser:<\/p><p>Internet Explorer<br \/>Google Chrome<br \/>Mozilla Firefox<br \/>Apple Safari<\/p>\t\t\t\t\t\t\t\t<\/div>\n\t\t\t\t<\/div>\n\t\t\t\t<div class=\"elementor-element elementor-element-b3dd0c0 elementor-absolute elementor-widget__width-auto elementor-widget elementor-widget-image\" data-id=\"b3dd0c0\" data-element_type=\"widget\" data-settings=\"{&quot;_position&quot;:&quot;absolute&quot;}\" data-widget_type=\"image.default\">\n\t\t\t\t<div class=\"elementor-widget-container\">\n\t\t\t\t\t\t\t\t\t\t\t\t\t\t\t<img fetchpriority=\"high\" decoding=\"async\" width=\"326\" height=\"392\" src=\"https:\/\/www.fondazionesocialventuregda.it\/wp-content\/uploads\/2022\/03\/strisce.png\" class=\"attachment-full size-full wp-image-78\" alt=\"\" srcset=\"https:\/\/www.fondazionesocialventuregda.it\/wp-content\/uploads\/2022\/03\/strisce.png 326w, https:\/\/www.fondazionesocialventuregda.it\/wp-content\/uploads\/2022\/03\/strisce-249x300.png 249w\" sizes=\"(max-width: 326px) 100vw, 326px\" \/>\t\t\t\t\t\t\t\t\t\t\t\t\t\t\t<\/div>\n\t\t\t\t<\/div>\n\t\t\t\t\t<\/div>\n\t\t<\/div>\n\t\t\t\t\t<\/div>\n\t\t<\/section>\n\t\t\t\t<\/div>\n\t\t","protected":false},"excerpt":{"rendered":"<p>Le seguenti informazioni sono rese all\u2019utente in attuazione del provvedimento del Garante per la protezione dei dati personali dell\u20198 maggio 2014 \u201cIndividuazione delle modalit\u00e0 semplificate per l\u2019informativa e l\u2019acquisizione del consenso per l\u2019uso dei cookie\u201d. CHE COSA SONO I COOKIE? I cookie sono stringhe di testo di piccola dimensione che un sito web pu\u00f2 inviare, [&hellip;]<\/p>\n","protected":false},"author":1,"featured_media":0,"parent":0,"menu_order":99,"comment_status":"closed","ping_status":"closed","template":"","meta":{"site-sidebar-layout":"no-sidebar","site-content-layout":"page-builder","ast-site-content-layout":"","site-content-style":"default","site-sidebar-style":"default","ast-global-header-display":"","ast-banner-title-visibility":"","ast-main-header-display":"","ast-hfb-above-header-display":"","ast-hfb-below-header-display":"","ast-hfb-mobile-header-display":"","site-post-title":"disabled","ast-breadcrumbs-content":"","ast-featured-img":"disabled","footer-sml-layout":"","theme-transparent-header-meta":"default","adv-header-id-meta":"","stick-header-meta":"","header-above-stick-meta":"","header-main-stick-meta":"","header-below-stick-meta":"","astra-migrate-meta-layouts":"default","ast-page-background-enabled":"default","ast-page-background-meta":{"desktop":{"background-color":"var(--ast-global-color-4)","background-image":"","background-repeat":"repeat","background-position":"center center","background-size":"auto","background-attachment":"scroll","background-type":"","background-media":"","overlay-type":"","overlay-color":"","overlay-opacity":"","overlay-gradient":""},"tablet":{"background-color":"","background-image":"","background-repeat":"repeat","background-position":"center center","background-size":"auto","background-attachment":"scroll","background-type":"","background-media":"","overlay-type":"","overlay-color":"","overlay-opacity":"","overlay-gradient":""},"mobile":{"background-color":"","background-image":"","background-repeat":"repeat","background-position":"center center","background-size":"auto","background-attachment":"scroll","background-type":"","background-media":"","overlay-type":"","overlay-color":"","overlay-opacity":"","overlay-gradient":""}},"ast-content-background-meta":{"desktop":{"background-color":"var(--ast-global-color-5)","background-image":"","background-repeat":"repeat","background-position":"center center","background-size":"auto","background-attachment":"scroll","background-type":"","background-media":"","overlay-type":"","overlay-color":"","overlay-opacity":"","overlay-gradient":""},"tablet":{"background-color":"var(--ast-global-color-5)","background-image":"","background-repeat":"repeat","background-position":"center center","background-size":"auto","background-attachment":"scroll","background-type":"","background-media":"","overlay-type":"","overlay-color":"","overlay-opacity":"","overlay-gradient":""},"mobile":{"background-color":"var(--ast-global-color-5)","background-image":"","background-repeat":"repeat","background-position":"center center","background-size":"auto","background-attachment":"scroll","background-type":"","background-media":"","overlay-type":"","overlay-color":"","overlay-opacity":"","overlay-gradient":""}},"footnotes":""},"class_list":["post-4467","page","type-page","status-publish","hentry"],"yoast_head":"<!-- This site is optimized with the Yoast SEO plugin v20.3 - https:\/\/yoast.com\/wordpress\/plugins\/seo\/ -->\n<title>Cookie Policy - Fondazione Social Venture Giordano Dell\u2019Amore<\/title>\n<meta name=\"robots\" content=\"index, follow, max-snippet:-1, max-image-preview:large, max-video-preview:-1\" \/>\n<meta property=\"og:locale\" content=\"en_US\" \/>\n<meta property=\"og:type\" content=\"article\" \/>\n<meta property=\"og:title\" content=\"Cookie Policy - Fondazione Social Venture Giordano Dell\u2019Amore\" \/>\n<meta property=\"og:description\" content=\"Le seguenti informazioni sono rese all\u2019utente in attuazione del provvedimento del Garante per la protezione dei dati personali dell\u20198 maggio 2014 \u201cIndividuazione delle modalit\u00e0 semplificate per l\u2019informativa e l\u2019acquisizione del consenso per l\u2019uso dei cookie\u201d. CHE COSA SONO I COOKIE? I cookie sono stringhe di testo di piccola dimensione che un sito web pu\u00f2 inviare, [&hellip;]\" \/>\n<meta property=\"og:url\" content=\"https:\/\/www.fondazionesocialventuregda.it\/en\/cookie-policy\/\" \/>\n<meta property=\"og:site_name\" content=\"Fondazione Social Venture Giordano Dell\u2019Amore\" \/>\n<meta property=\"article:publisher\" content=\"https:\/\/www.facebook.com\/FondazioneSocialVenture\/\" \/>\n<meta property=\"og:image\" content=\"https:\/\/www.fondazionesocialventuregda.it\/wp-content\/uploads\/2022\/03\/strisce.png\" \/>\n<meta name=\"twitter:card\" content=\"summary_large_image\" \/>\n<meta name=\"twitter:site\" content=\"@FSocialVenture\" \/>\n<script type=\"application\/ld+json\" class=\"yoast-schema-graph\">{\"@context\":\"https:\/\/schema.org\",\"@graph\":[{\"@type\":\"WebPage\",\"@id\":\"https:\/\/www.fondazionesocialventuregda.it\/en\/cookie-policy\/\",\"url\":\"https:\/\/www.fondazionesocialventuregda.it\/en\/cookie-policy\/\",\"name\":\"Cookie Policy - Fondazione Social Venture Giordano Dell\u2019Amore\",\"isPartOf\":{\"@id\":\"https:\/\/www.fondazionesocialventuregda.it\/#website\"},\"datePublished\":\"2022-06-07T12:28:38+00:00\",\"dateModified\":\"2022-06-07T12:28:38+00:00\",\"breadcrumb\":{\"@id\":\"https:\/\/www.fondazionesocialventuregda.it\/en\/cookie-policy\/#breadcrumb\"},\"inLanguage\":\"en-US\",\"potentialAction\":[{\"@type\":\"ReadAction\",\"target\":[\"https:\/\/www.fondazionesocialventuregda.it\/en\/cookie-policy\/\"]}]},{\"@type\":\"BreadcrumbList\",\"@id\":\"https:\/\/www.fondazionesocialventuregda.it\/en\/cookie-policy\/#breadcrumb\",\"itemListElement\":[{\"@type\":\"ListItem\",\"position\":1,\"name\":\"Home\",\"item\":\"https:\/\/www.fondazionesocialventuregda.it\/\"},{\"@type\":\"ListItem\",\"position\":2,\"name\":\"Cookie Policy\"}]},{\"@type\":\"WebSite\",\"@id\":\"https:\/\/www.fondazionesocialventuregda.it\/#website\",\"url\":\"https:\/\/www.fondazionesocialventuregda.it\/\",\"name\":\"Fondazione Social Venture Giordano Dell\u2019Amore\",\"description\":\"\",\"publisher\":{\"@id\":\"https:\/\/www.fondazionesocialventuregda.it\/#organization\"},\"potentialAction\":[{\"@type\":\"SearchAction\",\"target\":{\"@type\":\"EntryPoint\",\"urlTemplate\":\"https:\/\/www.fondazionesocialventuregda.it\/?s={search_term_string}\"},\"query-input\":\"required name=search_term_string\"}],\"inLanguage\":\"en-US\"},{\"@type\":\"Organization\",\"@id\":\"https:\/\/www.fondazionesocialventuregda.it\/#organization\",\"name\":\"Fondazione Social Venture Giordano Dell\u2019Amore\",\"url\":\"https:\/\/www.fondazionesocialventuregda.it\/\",\"logo\":{\"@type\":\"ImageObject\",\"inLanguage\":\"en-US\",\"@id\":\"https:\/\/www.fondazionesocialventuregda.it\/#\/schema\/logo\/image\/\",\"url\":\"https:\/\/www.fondazionesocialventuregda.it\/wp-content\/uploads\/2022\/03\/logo_FSV_GiordanoDellAmore.svg\",\"contentUrl\":\"https:\/\/www.fondazionesocialventuregda.it\/wp-content\/uploads\/2022\/03\/logo_FSV_GiordanoDellAmore.svg\",\"width\":474,\"height\":262,\"caption\":\"Fondazione Social Venture Giordano Dell\u2019Amore\"},\"image\":{\"@id\":\"https:\/\/www.fondazionesocialventuregda.it\/#\/schema\/logo\/image\/\"},\"sameAs\":[\"https:\/\/www.facebook.com\/FondazioneSocialVenture\/\",\"https:\/\/twitter.com\/FSocialVenture\",\"https:\/\/www.linkedin.com\/company\/fondazione-social-venture-gda\/\",\"https:\/\/www.youtube.com\/channel\/UC3toExvBTZPysZaylOJiRgA\",\"https:\/\/www.instagram.com\/fondazionesocialventure\/\"]}]}<\/script>\n<!-- \/ Yoast SEO plugin. -->","yoast_head_json":{"title":"Cookie Policy - Fondazione Social Venture Giordano Dell\u2019Amore","robots":{"index":"index","follow":"follow","max-snippet":"max-snippet:-1","max-image-preview":"max-image-preview:large","max-video-preview":"max-video-preview:-1"},"og_locale":"en_US","og_type":"article","og_title":"Cookie Policy - Fondazione Social Venture Giordano Dell\u2019Amore","og_description":"Le seguenti informazioni sono rese all\u2019utente in attuazione del provvedimento del Garante per la protezione dei dati personali dell\u20198 maggio 2014 \u201cIndividuazione delle modalit\u00e0 semplificate per l\u2019informativa e l\u2019acquisizione del consenso per l\u2019uso dei cookie\u201d. CHE COSA SONO I COOKIE? I cookie sono stringhe di testo di piccola dimensione che un sito web pu\u00f2 inviare, [&hellip;]","og_url":"https:\/\/www.fondazionesocialventuregda.it\/en\/cookie-policy\/","og_site_name":"Fondazione Social Venture Giordano Dell\u2019Amore","article_publisher":"https:\/\/www.facebook.com\/FondazioneSocialVenture\/","og_image":[{"url":"https:\/\/www.fondazionesocialventuregda.it\/wp-content\/uploads\/2022\/03\/strisce.png"}],"twitter_card":"summary_large_image","twitter_site":"@FSocialVenture","schema":{"@context":"https:\/\/schema.org","@graph":[{"@type":"WebPage","@id":"https:\/\/www.fondazionesocialventuregda.it\/en\/cookie-policy\/","url":"https:\/\/www.fondazionesocialventuregda.it\/en\/cookie-policy\/","name":"Cookie Policy - Fondazione Social Venture Giordano Dell\u2019Amore","isPartOf":{"@id":"https:\/\/www.fondazionesocialventuregda.it\/#website"},"datePublished":"2022-06-07T12:28:38+00:00","dateModified":"2022-06-07T12:28:38+00:00","breadcrumb":{"@id":"https:\/\/www.fondazionesocialventuregda.it\/en\/cookie-policy\/#breadcrumb"},"inLanguage":"en-US","potentialAction":[{"@type":"ReadAction","target":["https:\/\/www.fondazionesocialventuregda.it\/en\/cookie-policy\/"]}]},{"@type":"BreadcrumbList","@id":"https:\/\/www.fondazionesocialventuregda.it\/en\/cookie-policy\/#breadcrumb","itemListElement":[{"@type":"ListItem","position":1,"name":"Home","item":"https:\/\/www.fondazionesocialventuregda.it\/"},{"@type":"ListItem","position":2,"name":"Cookie Policy"}]},{"@type":"WebSite","@id":"https:\/\/www.fondazionesocialventuregda.it\/#website","url":"https:\/\/www.fondazionesocialventuregda.it\/","name":"Fondazione Social Venture Giordano Dell\u2019Amore","description":"","publisher":{"@id":"https:\/\/www.fondazionesocialventuregda.it\/#organization"},"potentialAction":[{"@type":"SearchAction","target":{"@type":"EntryPoint","urlTemplate":"https:\/\/www.fondazionesocialventuregda.it\/?s={search_term_string}"},"query-input":"required name=search_term_string"}],"inLanguage":"en-US"},{"@type":"Organization","@id":"https:\/\/www.fondazionesocialventuregda.it\/#organization","name":"Fondazione Social Venture Giordano Dell\u2019Amore","url":"https:\/\/www.fondazionesocialventuregda.it\/","logo":{"@type":"ImageObject","inLanguage":"en-US","@id":"https:\/\/www.fondazionesocialventuregda.it\/#\/schema\/logo\/image\/","url":"https:\/\/www.fondazionesocialventuregda.it\/wp-content\/uploads\/2022\/03\/logo_FSV_GiordanoDellAmore.svg","contentUrl":"https:\/\/www.fondazionesocialventuregda.it\/wp-content\/uploads\/2022\/03\/logo_FSV_GiordanoDellAmore.svg","width":474,"height":262,"caption":"Fondazione Social Venture Giordano Dell\u2019Amore"},"image":{"@id":"https:\/\/www.fondazionesocialventuregda.it\/#\/schema\/logo\/image\/"},"sameAs":["https:\/\/www.facebook.com\/FondazioneSocialVenture\/","https:\/\/twitter.com\/FSocialVenture","https:\/\/www.linkedin.com\/company\/fondazione-social-venture-gda\/","https:\/\/www.youtube.com\/channel\/UC3toExvBTZPysZaylOJiRgA","https:\/\/www.instagram.com\/fondazionesocialventure\/"]}]}},"_links":{"self":[{"href":"https:\/\/www.fondazionesocialventuregda.it\/en\/wp-json\/wp\/v2\/pages\/4467","targetHints":{"allow":["GET"]}}],"collection":[{"href":"https:\/\/www.fondazionesocialventuregda.it\/en\/wp-json\/wp\/v2\/pages"}],"about":[{"href":"https:\/\/www.fondazionesocialventuregda.it\/en\/wp-json\/wp\/v2\/types\/page"}],"author":[{"embeddable":true,"href":"https:\/\/www.fondazionesocialventuregda.it\/en\/wp-json\/wp\/v2\/users\/1"}],"replies":[{"embeddable":true,"href":"https:\/\/www.fondazionesocialventuregda.it\/en\/wp-json\/wp\/v2\/comments?post=4467"}],"version-history":[{"count":0,"href":"https:\/\/www.fondazionesocialventuregda.it\/en\/wp-json\/wp\/v2\/pages\/4467\/revisions"}],"wp:attachment":[{"href":"https:\/\/www.fondazionesocialventuregda.it\/en\/wp-json\/wp\/v2\/media?parent=4467"}],"curies":[{"name":"wp","href":"https:\/\/api.w.org\/{rel}","templated":true}]}}